{"id":64,"date":"2023-01-23T17:55:08","date_gmt":"2023-01-23T15:55:08","guid":{"rendered":"https:\/\/zhaper.com\/product\/hoodie-with-logo-2\/"},"modified":"2026-04-07T12:52:09","modified_gmt":"2026-04-07T10:52:09","slug":"fabric-resistance-bands-set","status":"publish","type":"product","link":"https:\/\/zhaper.com\/shop\/product\/fabric-resistance-bands-set\/","title":{"rendered":"Kangasp\u00e4\u00e4llysteinen Zhaper&reg;-vastuskumi&shy;nauhasetti, jossa 3 vastustasoa + s\u00e4ilytyspussi"},"content":{"rendered":"<div class=\"lang-fi\">\n<h2>Kangasp\u00e4\u00e4llysteiset, luistamattomat vastuskuminauhat (3 kpl) lantiolle, pakaroille ja koko vartalolle. Kotitreeni pepulle ja jaloille, nauhat sopivat my\u00f6s pilates- ja jooga-harjoitteluun.<\/h2>\n<ul>\n<li><strong>MUOTOILE JA VAHVISTA PAKAROITASI<\/strong> &#8211; Zhaper&reg;-vastuskuminauhat sopivat sek\u00e4 aloittelijoille ett\u00e4 kokeneille treenaajille. Kolme eri vastustasoa mahdollistavat nousujohteisen harjoittelun, ja s\u00e4\u00e4nn\u00f6llisell\u00e4 k\u00e4yt\u00f6ll\u00e4 voit n\u00e4hd\u00e4 tuloksia jo 30 p\u00e4iv\u00e4ss\u00e4. Aloita matkasi kohti vahvempaa ja muodokkaampaa vartaloa jo t\u00e4n\u00e4\u00e4n!<\/li>\n<li><strong>HELPPO TREENI MISS\u00c4 JA MILLOIN VAIN<\/strong> &#8211; Harjoittele omaan tahtiisi mukavasti kotona, hotellihuoneessa, puistossa, rannalla tai kuntosalilla. Zhaper&reg;-vastuskuminauhat kulkevat helposti mukanasi, joten et ole sidottu aikaan tai paikkaan.<\/li>\n<li><strong>MUKAVAT JA PAIKOILLAAN PYSYV\u00c4T<\/strong> &#8211; Zhaper&reg;-vastuskuminauhat on valmistettu vahvasta ja joustavasta puuvillakankaasta, jonka sis\u00e4puolella on luistamaton pinta. Kankaiset vastuskuminauhat tuntuvat miellytt\u00e4vilt\u00e4 ihoa vasten ja pysyv\u00e4t hyvin paikallaan harjoituksen aikana ilman rullaantumista.<\/li>\n<li><strong>MUKANA KANTOPUSSI JA HARJOITTELUSOPAS<\/strong> &#8211; Pakkaus sis\u00e4lt\u00e4\u00e4 kolme vastuskuminauhaa. Saat mukaan my\u00f6s k\u00e4tev\u00e4n s\u00e4ilytyspussin sek\u00e4 selke\u00e4n harjoitteluoppaan, jonka avulla p\u00e4\u00e4set helposti alkuun.<\/li>\n<li><strong>LIITY Zhaper&reg;-YHTEIS\u00d6\u00d6N<\/strong> &#8211; Liity mukaan kasvavaan yhteis\u00f6\u00f6mme ja saat vinkkej\u00e4 sek\u00e4 motivaatiota muilta treenaajilta ymp\u00e4ri maailmaa!<\/li>\n<\/ul>\n<\/div>\n<div class=\"lang-en\">\n<h2>Non-Slip Fitness Loop Bands (3 pcs) for Hips, Glutes and Full Body Workout. Home Training for Butt and Legs, Booty Exercise for Pilates and Yoga.<\/h2>\n<ul>\n<li><strong>GET AN AMAZING BOOTY<\/strong> &#8211; Our resistance bands are suitable for beginners as well as for advanced users. With 3 different levels of resistance you can control your training for optimal progression. Start building your dream booty today and get fast results!<\/li>\n<li><strong>EASY WORKOUT ANYWHERE &amp; ANYTIME<\/strong> &#8211; Exercise at your own pace in the comfort of your home, in a hotel room, in the park, on the beach or at the gym. Both women and men benefit from easy resistance band exercises. Many celebrities, models and flight attendants carry loop bands with them to maintain their glutes, hips, legs and arms in great shape.<\/li>\n<li><strong>STRONG AND DURABLE<\/strong> &#8211; Made of strong and elastic cotton fabric with a non-slip grip inside. The bands stay in place the whole workout and they don&#8217;t slip, roll or twist, unlike the rubber\/latex ones. Our fabric bands are comfortable and ideal for everyone to increase their strength and mobility. They are used by many personal trainers and physical therapists and are a great help with your yoga, pilates and gym training.<\/li>\n<li><strong>FREE CARRY BAG &amp; TUTORIAL BROCHURE<\/strong> &#8211; Our exercise bands come with a free carrying bag and a free tutorial brochure. Carrying bag helps you to take your workout bands anywhere you go and tutorials on the brochure get you started with basic exercises properly and efficiently.<\/li>\n<li><strong>JOIN OUR ZHAPER TEAM<\/strong> &#8211; Join our growing community of enthusiastic women and men from all over the world. Get motivation and training tips from active and passionate people like yourself!<\/li>\n<\/ul>\n<\/div>\n","protected":false},"excerpt":{"rendered":"<div class=\"lang-fi\">\nKangasp\u00e4\u00e4llysteiset, luistamattomat vastuskuminauhat (3 kpl) lantiolle, pakaroille ja koko vartalolle. Kotitreeni pepulle ja jaloille, nauhat sopivat my\u00f6s pilates- ja jooga-harjoitteluun.\n<\/div>\n<div class=\"lang-en\">\nNon-Slip Fitness Loop Bands (3 pcs) for Hips, Glutes and Full Body Workout. Home Training for Butt and Legs, Booty Exercise for Pilates and Yoga.\n<\/div>\n","protected":false},"featured_media":52,"template":"","meta":[],"product_brand":[],"product_cat":[22],"product_tag":[33,27,24,39,34,29,32,35,30,25,26,36,37,38,23,28,31],"class_list":{"0":"post-64","1":"product","2":"type-product","3":"status-publish","4":"has-post-thumbnail","6":"product_cat-resistance-bands","7":"product_tag-booty-bands","8":"product_tag-exercise-bands","9":"product_tag-exercise-resistance-bands","10":"product_tag-fabric-exercise-bands","11":"product_tag-fabric-resistance-bands","12":"product_tag-fitness-bands","13":"product_tag-leg-bands","14":"product_tag-loop-bands","15":"product_tag-loop-resistance-bands","16":"product_tag-resistance-band-set","17":"product_tag-resistance-bands","18":"product_tag-resistance-bands-glutes","19":"product_tag-resistance-bands-hip","20":"product_tag-resistance-bands-training","21":"product_tag-training-bands","22":"product_tag-workout-bands","23":"product_tag-yoga-bands","25":"first","26":"instock","27":"purchasable","28":"product-type-simple"},"_links":{"self":[{"href":"https:\/\/zhaper.com\/shop\/wp-json\/wp\/v2\/product\/64","targetHints":{"allow":["GET"]}}],"collection":[{"href":"https:\/\/zhaper.com\/shop\/wp-json\/wp\/v2\/product"}],"about":[{"href":"https:\/\/zhaper.com\/shop\/wp-json\/wp\/v2\/types\/product"}],"wp:featuredmedia":[{"embeddable":true,"href":"https:\/\/zhaper.com\/shop\/wp-json\/wp\/v2\/media\/52"}],"wp:attachment":[{"href":"https:\/\/zhaper.com\/shop\/wp-json\/wp\/v2\/media?parent=64"}],"wp:term":[{"taxonomy":"product_brand","embeddable":true,"href":"https:\/\/zhaper.com\/shop\/wp-json\/wp\/v2\/product_brand?post=64"},{"taxonomy":"product_cat","embeddable":true,"href":"https:\/\/zhaper.com\/shop\/wp-json\/wp\/v2\/product_cat?post=64"},{"taxonomy":"product_tag","embeddable":true,"href":"https:\/\/zhaper.com\/shop\/wp-json\/wp\/v2\/product_tag?post=64"}],"curies":[{"name":"wp","href":"https:\/\/api.w.org\/{rel}","templated":true}]}}