{"id":2,"date":"2023-01-27T12:44:29","date_gmt":"2023-01-27T10:44:29","guid":{"rendered":"https:\/\/zhaper.com\/blog\/?page_id=2"},"modified":"2026-03-23T13:41:42","modified_gmt":"2026-03-23T11:41:42","slug":"zhaper-info","status":"publish","type":"page","link":"https:\/\/zhaper.com\/shop\/zhaper-info\/","title":{"rendered":"<div class=\"lang-en\">Zhaper&reg; Info<\/div><div class=\"lang-fi\">Zhaper&reg;-tietoa<\/div>"},"content":{"rendered":"\n<div class=\"wp-block-columns is-layout-flex wp-container-core-columns-is-layout-28f84493 wp-block-columns-is-layout-flex\">\n<div class=\"wp-block-column is-layout-flow wp-block-column-is-layout-flow\">\n<figure class=\"wp-block-image size-full\"><div class=\"lang-en\"><img decoding=\"async\" src=\"https:\/\/zhaper.com\/shop\/wp-content\/uploads\/2026\/03\/20200911_153943b_large_banner_en.jpg\" alt=\"Zhaper\" class=\"wp-image-58\"\/><\/div><div class=\"lang-fi\"><img decoding=\"async\" src=\"https:\/\/zhaper.com\/shop\/wp-content\/uploads\/2026\/03\/20200911_153943b_large_banner_fi.jpg\" alt=\"Zhaper\" class=\"wp-image-58\"\/><\/div><\/figure>\n<\/div>\n<\/div>\n\n\n\n<div class=\"wp-block-columns is-layout-flex wp-container-core-columns-is-layout-28f84493 wp-block-columns-is-layout-flex\">\n<div class=\"wp-block-column is-layout-flow wp-block-column-is-layout-flow\" style=\"flex-basis:33.33%\">\n<figure class=\"wp-block-image size-full\"><img loading=\"lazy\" decoding=\"async\" width=\"300\" height=\"300\" src=\"https:\/\/zhaper.com\/blog\/wp-content\/uploads\/2023\/01\/20200911_145949b-A.jpg\" alt=\"Zhaper workout\" class=\"wp-image-57\" srcset=\"https:\/\/zhaper.com\/shop\/wp-content\/uploads\/2023\/01\/20200911_145949b-A.jpg 300w, https:\/\/zhaper.com\/shop\/wp-content\/uploads\/2023\/01\/20200911_145949b-A-150x150.jpg 150w, https:\/\/zhaper.com\/shop\/wp-content\/uploads\/2023\/01\/20200911_145949b-A-100x100.jpg 100w\" sizes=\"auto, (max-width: 300px) 100vw, 300px\" \/><\/figure>\n<\/div>\n\n\n\n<div class=\"wp-block-column is-layout-flow wp-block-column-is-layout-flow\" style=\"flex-basis:66.66%\">\n<p-nopara><strong><div class=\"lang-en\">Start building your dream body with high-quality Zhaper&reg; resistance bands<\/div><div class=\"lang-fi\">Muokkaa vartaloasi korkealaatuisilla Zhaper&reg;-vastuskuminauhoilla<\/div><\/strong><\/p-nopara>\n\n\n\n<p-nopara><br><div class=\"lang-en\">Zhaper&reg; resistance bands are suitable for beginners as well as for advanced users. With 3 different levels of resistance you can control your training for optimal progression. Our bands are produced of carefully chosen premium cotton and latex and their durability is rigorously tested. They are strong and built to last even in heavy use.<\/div><div class=\"lang-fi\">Zhaper&reg;-vastuskuminauhat sopivat sek\u00e4 aloittelijoille ett\u00e4 edistyneille. Kolme eri vastustasoa antaa sinulle mahdollisuuden s\u00e4\u00e4dell\u00e4 harjoittelua ja edet\u00e4 turvallisesti. Vastuskuminauhat on valmistettu huolellisesti valitusta premium-puuvillasta sek\u00e4 lateksista ja ne on suunniteltu kest\u00e4m\u00e4\u00e4n toistuvaa kovaa k\u00e4ytt\u00f6\u00e4.<\/div><\/p-nopara>\n\n\n\n<p><div class=\"lang-en\">Zhaper&reg; brand is created by a group of British and Finnish wellness enthusiasts to promote an active and healthy lifestyle in an effective and affordable way. Zhaper&reg; products are designed for an easy workout anywhere, anytime. Our mission is to help everyone achieve their fitness goals regardless of their age, size or gender.<\/div><div class=\"lang-fi\">Zhaper&reg; on suomalaisten hyvinvointiharrastajien kehitt\u00e4m\u00e4 br\u00e4ndi, jonka tavoitteena on edist\u00e4\u00e4 aktiivista ja terveellist\u00e4 el\u00e4m\u00e4ntapaa tehokkaasti ja edullisesti. Zhaper&reg;-tuotteet on suunniteltu helpottamaan treeni\u00e4 miss\u00e4 ja milloin tahansa. Haluamme auttaa kaikkia saavuttamaan kuntoilutavoitteensa i\u00e4st\u00e4, koosta tai sukupuolesta riippumatta.<\/div><\/p>\n<\/div>\n<\/div>\n\n\n\n<div class=\"wp-block-columns is-layout-flex wp-container-core-columns-is-layout-28f84493 wp-block-columns-is-layout-flex\">\n<div class=\"wp-block-column is-layout-flow wp-block-column-is-layout-flow\">\n<figure class=\"wp-block-image size-full\"><img loading=\"lazy\" decoding=\"async\" width=\"300\" height=\"300\" src=\"https:\/\/zhaper.com\/blog\/wp-content\/uploads\/2023\/01\/20200909_142606b-A.jpg\" alt=\"Zhaper bands\" class=\"wp-image-56\" srcset=\"https:\/\/zhaper.com\/shop\/wp-content\/uploads\/2023\/01\/20200909_142606b-A.jpg 300w, https:\/\/zhaper.com\/shop\/wp-content\/uploads\/2023\/01\/20200909_142606b-A-150x150.jpg 150w, https:\/\/zhaper.com\/shop\/wp-content\/uploads\/2023\/01\/20200909_142606b-A-100x100.jpg 100w\" sizes=\"auto, (max-width: 300px) 100vw, 300px\" \/><\/figure>\n\n\n\n<p><div class=\"lang-en\"><strong>Strong and durable<\/strong><br>Made of strong and elastic cotton fabric with a non-slip latex grip inside. The bands stay in place during the whole workout session and they do not slip or fold easily.<\/div><div class=\"lang-fi\"><strong>Vahvat ja kest\u00e4v\u00e4t<\/strong><br>Valmistettu kest\u00e4v\u00e4st\u00e4 ja joustavasta puuvillasta, ja liukumaton lateksipinta pit\u00e4\u00e4 nauhat tukevasti paikoillaan koko treenin ajan.<\/div><\/p>\n<\/div>\n\n\n\n<div class=\"wp-block-column is-layout-flow wp-block-column-is-layout-flow\">\n<figure class=\"wp-block-image size-full\"><img loading=\"lazy\" decoding=\"async\" width=\"300\" height=\"300\" src=\"https:\/\/zhaper.com\/blog\/wp-content\/uploads\/2023\/01\/mobile-phone-workout-tips-guide-A.jpg\" alt=\"Zhaper tips\" class=\"wp-image-54\" srcset=\"https:\/\/zhaper.com\/shop\/wp-content\/uploads\/2023\/01\/mobile-phone-workout-tips-guide-A.jpg 300w, https:\/\/zhaper.com\/shop\/wp-content\/uploads\/2023\/01\/mobile-phone-workout-tips-guide-A-150x150.jpg 150w, https:\/\/zhaper.com\/shop\/wp-content\/uploads\/2023\/01\/mobile-phone-workout-tips-guide-A-100x100.jpg 100w\" sizes=\"auto, (max-width: 300px) 100vw, 300px\" \/><\/figure>\n\n\n\n<p><div class=\"lang-en\"><strong>Workout tips and videos<\/strong><br>Our exercise bands come with a free tutorial brochure. You can find more inspiration and workout guidance online on our social media platforms.<\/div><div class=\"lang-fi\"><strong>Treenivinkit ja videot<\/strong><br>Harjoitusnauhojemme mukana tulee ilmainen harjoitteluopas. L\u00f6yd\u00e4t lis\u00e4\u00e4 inspiraatiota ja harjoitusohjeita verkosta sosiaalisen median kanaviltamme.<\/div><\/p>\n<\/div>\n\n\n\n<div class=\"wp-block-column is-layout-flow wp-block-column-is-layout-flow\">\n<figure class=\"wp-block-image size-full\"><img loading=\"lazy\" decoding=\"async\" width=\"300\" height=\"300\" src=\"https:\/\/zhaper.com\/blog\/wp-content\/uploads\/2023\/01\/20200909_135707b-A.jpg\" alt=\"Zhaper bag\" class=\"wp-image-55\" srcset=\"https:\/\/zhaper.com\/shop\/wp-content\/uploads\/2023\/01\/20200909_135707b-A.jpg 300w, https:\/\/zhaper.com\/shop\/wp-content\/uploads\/2023\/01\/20200909_135707b-A-150x150.jpg 150w, https:\/\/zhaper.com\/shop\/wp-content\/uploads\/2023\/01\/20200909_135707b-A-100x100.jpg 100w\" sizes=\"auto, (max-width: 300px) 100vw, 300px\" \/><\/figure>\n\n\n\n<p><div class=\"lang-en\"><strong>Easy workout anywhere<\/strong><br>Exercise at your own pace in the comfort of your home, in a hotel room, in the park, on the beach or at the gym. A handy carry bag helps you to take your bands anywhere you go.<\/div><div class=\"lang-fi\"><strong>Helppo treeni miss\u00e4 tahansa<\/strong><br>Treenaa omaan tahtiisi kotona, kuntosalilla, hotellissa, puistossa tai vaikkapa rannalla. Treeninauhasi kulkevat helposti mukanasi minne tahansa k\u00e4tev\u00e4n kantopussin avulla.<\/div><\/p>\n<\/div>\n<\/div>\n","protected":false},"excerpt":{"rendered":"<p>Start building your dream body with high-quality Zhaper&reg; resistance bands Muokkaa vartaloasi korkealaatuisilla Zhaper&reg;-vastuskuminauhoilla Zhaper&reg; resistance bands are suitable for beginners as well as for advanced users. With 3 different levels of resistance you can control your training for optimal progression. Our bands are produced of carefully chosen premium cotton and latex and their durability [&hellip;]<\/p>\n","protected":false},"author":1,"featured_media":0,"parent":0,"menu_order":0,"comment_status":"closed","ping_status":"closed","template":"","meta":{"footnotes":""},"class_list":["post-2","page","type-page","status-publish","hentry"],"_links":{"self":[{"href":"https:\/\/zhaper.com\/shop\/wp-json\/wp\/v2\/pages\/2","targetHints":{"allow":["GET"]}}],"collection":[{"href":"https:\/\/zhaper.com\/shop\/wp-json\/wp\/v2\/pages"}],"about":[{"href":"https:\/\/zhaper.com\/shop\/wp-json\/wp\/v2\/types\/page"}],"author":[{"embeddable":true,"href":"https:\/\/zhaper.com\/shop\/wp-json\/wp\/v2\/users\/1"}],"replies":[{"embeddable":true,"href":"https:\/\/zhaper.com\/shop\/wp-json\/wp\/v2\/comments?post=2"}],"version-history":[{"count":28,"href":"https:\/\/zhaper.com\/shop\/wp-json\/wp\/v2\/pages\/2\/revisions"}],"predecessor-version":[{"id":321,"href":"https:\/\/zhaper.com\/shop\/wp-json\/wp\/v2\/pages\/2\/revisions\/321"}],"wp:attachment":[{"href":"https:\/\/zhaper.com\/shop\/wp-json\/wp\/v2\/media?parent=2"}],"curies":[{"name":"wp","href":"https:\/\/api.w.org\/{rel}","templated":true}]}}